{"id":15130,"date":"2020-02-05T11:09:17","date_gmt":"2020-02-05T11:09:17","guid":{"rendered":"https:\/\/www.dialocidlibrary.com\/?page_id=15130"},"modified":"2025-06-04T09:59:23","modified_gmt":"2025-06-04T09:59:23","slug":"galerie","status":"publish","type":"page","link":"https:\/\/www.dialocidlibrary.com\/fr\/galerie\/","title":{"rendered":"Galerie"},"content":{"rendered":"<p>[et_pb_section bb_built=&#8221;1&#8243; fullwidth=&#8221;on&#8221; specialty=&#8221;off&#8221; transparent_background=&#8221;off&#8221; allow_player_pause=&#8221;off&#8221; inner_shadow=&#8221;off&#8221; parallax=&#8221;off&#8221; parallax_method=&#8221;off&#8221; padding_mobile=&#8221;off&#8221; make_fullwidth=&#8221;off&#8221; use_custom_width=&#8221;off&#8221; width_unit=&#8221;on&#8221; make_equal=&#8221;off&#8221; use_custom_gutter=&#8221;off&#8221; custom_padding_tablet=&#8221;50px|0|50px|0&#8243; custom_padding_last_edited=&#8221;on|desktop&#8221; next_background_color=&#8221;#ffffff&#8221; prev_background_color=&#8221;#000000&#8243;][et_pb_fullwidth_header background_layout=&#8221;light&#8221; text_orientation=&#8221;left&#8221; header_fullscreen=&#8221;off&#8221; header_scroll_down=&#8221;off&#8221; background_color=&#8221;#082044&#8243; content_orientation=&#8221;center&#8221; image_orientation=&#8221;center&#8221; custom_button_one=&#8221;off&#8221; button_one_icon_placement=&#8221;right&#8221; custom_button_two=&#8221;off&#8221; button_two_icon_placement=&#8221;right&#8221; logo_alt_text=&#8221;Library impressions&#8221; title=&#8221;Galerie&#8221; background_image=&#8221;https:\/\/www.dialocidlibrary.com\/wp-content\/uploads\/2015\/12\/foto_header_2.jpg&#8221; _builder_version=&#8221;3.0.106&#8243; \/][\/et_pb_section][et_pb_section bb_built=&#8221;1&#8243; admin_label=&#8221;section&#8221; prev_background_color=&#8221;#000000&#8243; next_background_color=&#8221;#000000&#8243;][et_pb_row admin_label=&#8221;row&#8221; make_fullwidth=&#8221;on&#8221; use_custom_width=&#8221;off&#8221; width_unit=&#8221;on&#8221; use_custom_gutter=&#8221;off&#8221; padding_mobile=&#8221;off&#8221; allow_player_pause=&#8221;off&#8221; parallax=&#8221;off&#8221; parallax_method=&#8221;off&#8221; make_equal=&#8221;off&#8221; parallax_1=&#8221;off&#8221; parallax_method_1=&#8221;off&#8221; column_padding_mobile=&#8221;on&#8221; background_position=&#8221;top_left&#8221; background_repeat=&#8221;repeat&#8221; background_size=&#8221;initial&#8221;][et_pb_column type=&#8221;4_4&#8243;][et_pb_gallery gallery_ids=&#8221;21675,21394,15134,15280,15136,15145,21413,15144,19710,15138,21401,21407&#8243; fullwidth=&#8221;off&#8221; posts_number=&#8221;20&#8243; show_title_and_caption=&#8221;off&#8221; show_pagination=&#8221;off&#8221; background_layout=&#8221;light&#8221; hover_overlay_color=&#8221;rgba(255,255,255,0)&#8221; use_border_color=&#8221;on&#8221; zoom_icon_color=&#8221;#0055a5&#8243; border_color_all=&#8221;#ffffff&#8221; border_width_all=&#8221;12&#8243; _builder_version=&#8221;3.0.106&#8243; orientation=&#8221;landscape&#8221; pagination_font_size_tablet=&#8221;51&#8243; pagination_line_height_tablet=&#8221;2&#8243;]<\/p>\n<p>&nbsp;<\/p>\n<p>[\/et_pb_gallery][\/et_pb_column][\/et_pb_row][\/et_pb_section][et_pb_section bb_built=&#8221;1&#8243; admin_label=&#8221;section&#8221; parallax_method=&#8221;off&#8221; gutter_width=&#8221;3&#8243; custom_padding_tablet=&#8221;50px|0|50px|0&#8243; custom_padding_last_edited=&#8221;on|desktop&#8221; _builder_version=&#8221;3.0.106&#8243; prev_background_color=&#8221;#000000&#8243; global_module=&#8221;14972&#8243;][et_pb_row admin_label=&#8221;row&#8221; global_parent=&#8221;14972&#8243; make_fullwidth=&#8221;on&#8221; use_custom_width=&#8221;off&#8221; width_unit=&#8221;on&#8221; use_custom_gutter=&#8221;on&#8221; gutter_width=&#8221;1&#8243; custom_padding=&#8221;0px|0px|0px|0px&#8221; padding_mobile=&#8221;on&#8221; allow_player_pause=&#8221;off&#8221; parallax=&#8221;off&#8221; parallax_method=&#8221;off&#8221; make_equal=&#8221;on&#8221; parallax_1=&#8221;off&#8221; parallax_method_1=&#8221;off&#8221; parallax_2=&#8221;off&#8221; parallax_method_2=&#8221;off&#8221; parallax_3=&#8221;off&#8221; parallax_method_3=&#8221;off&#8221; parallax_4=&#8221;off&#8221; parallax_method_4=&#8221;off&#8221; column_padding_mobile=&#8221;on&#8221; background_color_2=&#8221;#2c1e43&#8243; background_color_4=&#8221;#2c1e43&#8243; background_color_1=&#8221;#44335f&#8221; background_color_3=&#8221;#44335f&#8221; bg_img_4=&#8221;https:\/\/www.dialocidlibrary.com\/wp-content\/uploads\/2015\/12\/footer_element_gespiegeld.png&#8221; background_position=&#8221;top_left&#8221; background_repeat=&#8221;repeat&#8221; background_size=&#8221;initial&#8221;][et_pb_column type=&#8221;1_4&#8243;][et_pb_text global_parent=&#8221;14972&#8243; background_layout=&#8221;dark&#8221; use_border_color=&#8221;off&#8221; custom_padding=&#8221;15%|15%|15%|15%&#8221; background_position=&#8221;top_left&#8221; background_repeat=&#8221;repeat&#8221; background_size=&#8221;initial&#8221; _builder_version=&#8221;3.0.106&#8243;]<\/p>\n<p><strong>\u00c0 PROPOS DE DIALOC ID LIBRARY<\/strong><\/p>\n<p>Dialoc ID est bas\u00e9 \u00e0 Harderwijk, aux Pays-Bas et dispose d&#8217;un vaste r\u00e9seau de partenaires en Europe, Am\u00e9rique du Nord et du Sud, Asie, Australie et Afrique.<\/p>\n<p>Nous sommes fabricant de solutions de biblioth\u00e8que innovantes utilisant les technologies EM (\u00e9lectromagn\u00e9tique), RFID (identification par radiofr\u00e9quence) et hybride (EM\/HF &amp; EM\/UHF).<\/p>\n<p>[\/et_pb_text][\/et_pb_column][et_pb_column type=&#8221;1_4&#8243;][et_pb_text global_parent=&#8221;14972&#8243; background_layout=&#8221;dark&#8221; use_border_color=&#8221;off&#8221; custom_padding=&#8221;15%|15%|15%|15%&#8221; background_position=&#8221;top_left&#8221; background_repeat=&#8221;repeat&#8221; background_size=&#8221;initial&#8221; _builder_version=&#8221;3.0.106&#8243;]<\/p>\n<p><strong>DANS LE MONDE ENTIER<\/strong><\/p>\n<p>Dialoc ID propose ses produits et services dans le monde entier. Nous sommes fiers de notre vaste r\u00e9seau de partenaires de vente officiels bas\u00e9s dans le monde entier.<\/p>\n<p><a href=\"https:\/\/www.dialocidlibrary.com\/fr\/partnaires-mondiaux\/\">en savoir plus<\/a><\/p>\n<p>Technologies<br \/>\n&#8211; <a href=\"https:\/\/www.dialocidlibrary.com\/fr\/solutions-rfid-bibliotheques\/\">RFID<\/a><br \/>\n&#8211; <a href=\"https:\/\/www.dialocidlibrary.com\/fr\/solutions-electromagnetiques-bibliotheques\/\">\u00c9lectromagn\u00e9tique (EM)<\/a><br \/>\n&#8211; <a href=\"https:\/\/www.dialocidlibrary.com\/fr\/solutions-hybrides-bibliotheques\/\">Hybride (EM\/RFID)<\/a><\/p>\n<p>[\/et_pb_text][\/et_pb_column][et_pb_column type=&#8221;1_4&#8243;][et_pb_text global_parent=&#8221;14972&#8243; background_layout=&#8221;dark&#8221; use_border_color=&#8221;off&#8221; custom_padding=&#8221;15%|15%|15%|15%&#8221; background_position=&#8221;top_left&#8221; background_repeat=&#8221;repeat&#8221; background_size=&#8221;initial&#8221; _builder_version=&#8221;3.0.106&#8243;]<\/p>\n<p><strong>CONTACT<\/strong><\/p>\n<p>Dialoc ID Products B.V.<br \/>\nDaltonstraat 42<br \/>\n3846 BX Harderwijk<br \/>\nLes Pays-Bas<br \/>\nT +31 (0) 341-422760<br \/>\n<a href=\"mailto:sales@dialocid.com\">sales@dialocid.com<\/a><\/p>\n<p>Visitez \u00e9galement notre site:<br \/>\n<a href=\"https:\/\/www.dialocid.com\">www.dialocid.com<\/a><\/p>\n<p>[\/et_pb_text][\/et_pb_column][et_pb_column type=&#8221;1_4&#8243;][et_pb_text global_parent=&#8221;14972&#8243; background_layout=&#8221;dark&#8221; text_font_size=&#8221;14&#8243; use_border_color=&#8221;off&#8221; custom_padding=&#8221;15%|15%|15%|15%&#8221; background_position=&#8221;top_left&#8221; background_repeat=&#8221;repeat&#8221; background_size=&#8221;initial&#8221; _builder_version=&#8221;3.0.106&#8243;]<\/p>\n<p><strong>LIKE &amp; SUIVEZ NOUS SUR LES M\u00c9DIAS SOCIAUX<\/strong><\/p>\n<div class=\"et_social_networks et_social_1col et_social_slide et_social_rectangle et_social_left et_social_nospace et_social_mobile_on et_social_withnetworknames et_social_outer_dark\">\n\t\t\t\t\t\n\t\t\t\t\t\n\t\t\t\t\t<ul class=\"et_social_icons_container\"><li class=\"et_social_facebook\">\n\t\t\t\t\t\t<a href=\"https:\/\/www.facebook.com\/Dialoc-ID-Products-BV-238066183543384\/?ti=as\" class=\"et_social_follow\" data-social_name=\"facebook\" data-social_type=\"follow\" data-post_id=\"0\" target=\"_blank\">\n\t\t\t\t\t\t\t<i class=\"et_social_icon et_social_icon_facebook\"><\/i>\n\t\t\t\t\t\t\t<div class=\"et_social_network_label\"><div class=\"et_social_networkname\">Facebook<\/div><\/div>\n\t\t\t\t\t\t\t<span class=\"et_social_overlay\"><\/span>\n\t\t\t\t\t\t<\/a>\n\t\t\t\t\t<\/li><li class=\"et_social_twitter\">\n\t\t\t\t\t\t<a href=\"https:\/\/twitter.com\/dialocid\" class=\"et_social_follow\" data-social_name=\"twitter\" data-social_type=\"follow\" data-post_id=\"0\" target=\"_blank\">\n\t\t\t\t\t\t\t<i class=\"et_social_icon et_social_icon_twitter\"><\/i>\n\t\t\t\t\t\t\t<div class=\"et_social_network_label\"><div class=\"et_social_networkname\">Twitter<\/div><\/div>\n\t\t\t\t\t\t\t<span class=\"et_social_overlay\"><\/span>\n\t\t\t\t\t\t<\/a>\n\t\t\t\t\t<\/li><\/ul>\n\t\t\t\t<\/div>\n<p><a class=\"youtube-cta\" href=\"https:\/\/www.youtube.com\/channel\/UCcI3cgt0TCwJy6tKh02KiLQ\" target=\"_blank\" rel=\"noopener noreferrer\"><img decoding=\"async\" src=\"https:\/\/www.dialocidlibrary.com\/wp-content\/uploads\/2020\/07\/youtube-play.jpg\" \/> YouTube<\/a><\/p>\n<p><a href=\"https:\/\/www.dialocidlibrary.com\/fr\/gdpr\/\">RGPD<\/a><br \/>\n<a href=\"https:\/\/www.dialocidlibrary.com\/fr\/disclaimer\/\">Disclaimer<\/a><\/p>\n<p>[\/et_pb_text][\/et_pb_column][\/et_pb_row][\/et_pb_section]<\/p>\n","protected":false},"excerpt":{"rendered":"<p>[et_pb_section bb_built=&#8221;1&#8243; fullwidth=&#8221;on&#8221; specialty=&#8221;off&#8221; transparent_background=&#8221;off&#8221; allow_player_pause=&#8221;off&#8221; inner_shadow=&#8221;off&#8221; parallax=&#8221;off&#8221; parallax_method=&#8221;off&#8221; padding_mobile=&#8221;off&#8221; make_fullwidth=&#8221;off&#8221; use_custom_width=&#8221;off&#8221; width_unit=&#8221;on&#8221; make_equal=&#8221;off&#8221; use_custom_gutter=&#8221;off&#8221; custom_padding_tablet=&#8221;50px|0|50px|0&#8243; custom_padding_last_edited=&#8221;on|desktop&#8221; next_background_color=&#8221;#ffffff&#8221; prev_background_color=&#8221;#000000&#8243;][et_pb_fullwidth_header background_layout=&#8221;light&#8221; text_orientation=&#8221;left&#8221; header_fullscreen=&#8221;off&#8221; header_scroll_down=&#8221;off&#8221; background_color=&#8221;#082044&#8243; content_orientation=&#8221;center&#8221; image_orientation=&#8221;center&#8221; custom_button_one=&#8221;off&#8221; button_one_icon_placement=&#8221;right&#8221; custom_button_two=&#8221;off&#8221; button_two_icon_placement=&#8221;right&#8221; logo_alt_text=&#8221;Library impressions&#8221; title=&#8221;Galerie&#8221; background_image=&#8221;https:\/\/www.dialocidlibrary.com\/wp-content\/uploads\/2015\/12\/foto_header_2.jpg&#8221; _builder_version=&#8221;3.0.106&#8243; \/][\/et_pb_section][et_pb_section bb_built=&#8221;1&#8243; admin_label=&#8221;section&#8221; prev_background_color=&#8221;#000000&#8243; next_background_color=&#8221;#000000&#8243;][et_pb_row admin_label=&#8221;row&#8221; make_fullwidth=&#8221;on&#8221; use_custom_width=&#8221;off&#8221; width_unit=&#8221;on&#8221; use_custom_gutter=&#8221;off&#8221; padding_mobile=&#8221;off&#8221; allow_player_pause=&#8221;off&#8221; parallax=&#8221;off&#8221; parallax_method=&#8221;off&#8221; make_equal=&#8221;off&#8221; parallax_1=&#8221;off&#8221; parallax_method_1=&#8221;off&#8221; column_padding_mobile=&#8221;on&#8221; background_position=&#8221;top_left&#8221; background_repeat=&#8221;repeat&#8221; [&hellip;]<\/p>\n","protected":false},"author":2,"featured_media":0,"parent":0,"menu_order":341,"comment_status":"closed","ping_status":"closed","template":"","meta":{"_acf_changed":false,"footnotes":""},"class_list":["post-15130","page","type-page","status-publish","hentry"],"acf":[],"yoast_head":"<!-- This site is optimized with the Yoast SEO plugin v26.4 - https:\/\/yoast.com\/wordpress\/plugins\/seo\/ -->\n<title>Galerie &#8212; Dialoc ID Library<\/title>\n<meta name=\"description\" content=\"Nos solutions de biblioth\u00e8ques install\u00e9es en Europe, en Am\u00e9rique du Nord et du Sud, en Asie, en Australie et en Afrique. Consultez notre galerie de photos!\" \/>\n<meta name=\"robots\" content=\"index, follow, max-snippet:-1, max-image-preview:large, max-video-preview:-1\" \/>\n<link rel=\"canonical\" href=\"https:\/\/www.dialocidlibrary.com\/fr\/galerie\/\" \/>\n<meta property=\"og:locale\" content=\"fr_FR\" \/>\n<meta property=\"og:type\" content=\"article\" \/>\n<meta property=\"og:title\" content=\"Galerie &#8212; Dialoc ID Library\" \/>\n<meta property=\"og:description\" content=\"Nos solutions de biblioth\u00e8ques install\u00e9es en Europe, en Am\u00e9rique du Nord et du Sud, en Asie, en Australie et en Afrique. Consultez notre galerie de photos!\" \/>\n<meta property=\"og:url\" content=\"https:\/\/www.dialocidlibrary.com\/fr\/galerie\/\" \/>\n<meta property=\"og:site_name\" content=\"Dialoc ID Library\" \/>\n<meta property=\"article:modified_time\" content=\"2025-06-04T09:59:23+00:00\" \/>\n<meta property=\"og:image\" content=\"https:\/\/www.dialocidlibrary.com\/wp-content\/uploads\/2020\/07\/youtube-play.jpg\" \/>\n<meta name=\"twitter:card\" content=\"summary_large_image\" \/>\n<meta name=\"twitter:label1\" content=\"Dur\u00e9e de lecture estim\u00e9e\" \/>\n\t<meta name=\"twitter:data1\" content=\"4 minutes\" \/>\n<script type=\"application\/ld+json\" class=\"yoast-schema-graph\">{\"@context\":\"https:\/\/schema.org\",\"@graph\":[{\"@type\":\"WebPage\",\"@id\":\"https:\/\/www.dialocidlibrary.com\/fr\/galerie\/\",\"url\":\"https:\/\/www.dialocidlibrary.com\/fr\/galerie\/\",\"name\":\"Galerie &#8212; Dialoc ID Library\",\"isPartOf\":{\"@id\":\"https:\/\/www.dialocidlibrary.com\/#website\"},\"primaryImageOfPage\":{\"@id\":\"https:\/\/www.dialocidlibrary.com\/fr\/galerie\/#primaryimage\"},\"image\":{\"@id\":\"https:\/\/www.dialocidlibrary.com\/fr\/galerie\/#primaryimage\"},\"thumbnailUrl\":\"https:\/\/www.dialocidlibrary.com\/wp-content\/uploads\/2020\/07\/youtube-play.jpg\",\"datePublished\":\"2020-02-05T11:09:17+00:00\",\"dateModified\":\"2025-06-04T09:59:23+00:00\",\"description\":\"Nos solutions de biblioth\u00e8ques install\u00e9es en Europe, en Am\u00e9rique du Nord et du Sud, en Asie, en Australie et en Afrique. Consultez notre galerie de photos!\",\"breadcrumb\":{\"@id\":\"https:\/\/www.dialocidlibrary.com\/fr\/galerie\/#breadcrumb\"},\"inLanguage\":\"fr-FR\",\"potentialAction\":[{\"@type\":\"ReadAction\",\"target\":[\"https:\/\/www.dialocidlibrary.com\/fr\/galerie\/\"]}]},{\"@type\":\"ImageObject\",\"inLanguage\":\"fr-FR\",\"@id\":\"https:\/\/www.dialocidlibrary.com\/fr\/galerie\/#primaryimage\",\"url\":\"https:\/\/www.dialocidlibrary.com\/wp-content\/uploads\/2020\/07\/youtube-play.jpg\",\"contentUrl\":\"https:\/\/www.dialocidlibrary.com\/wp-content\/uploads\/2020\/07\/youtube-play.jpg\"},{\"@type\":\"BreadcrumbList\",\"@id\":\"https:\/\/www.dialocidlibrary.com\/fr\/galerie\/#breadcrumb\",\"itemListElement\":[{\"@type\":\"ListItem\",\"position\":1,\"name\":\"Home\",\"item\":\"https:\/\/www.dialocidlibrary.com\/fr\/\"},{\"@type\":\"ListItem\",\"position\":2,\"name\":\"Galerie\"}]},{\"@type\":\"WebSite\",\"@id\":\"https:\/\/www.dialocidlibrary.com\/#website\",\"url\":\"https:\/\/www.dialocidlibrary.com\/\",\"name\":\"Dialoc ID Library\",\"description\":\"A clear vision to serve\",\"potentialAction\":[{\"@type\":\"SearchAction\",\"target\":{\"@type\":\"EntryPoint\",\"urlTemplate\":\"https:\/\/www.dialocidlibrary.com\/?s={search_term_string}\"},\"query-input\":{\"@type\":\"PropertyValueSpecification\",\"valueRequired\":true,\"valueName\":\"search_term_string\"}}],\"inLanguage\":\"fr-FR\"}]}<\/script>\n<!-- \/ Yoast SEO plugin. -->","yoast_head_json":{"title":"Galerie &#8212; Dialoc ID Library","description":"Nos solutions de biblioth\u00e8ques install\u00e9es en Europe, en Am\u00e9rique du Nord et du Sud, en Asie, en Australie et en Afrique. Consultez notre galerie de photos!","robots":{"index":"index","follow":"follow","max-snippet":"max-snippet:-1","max-image-preview":"max-image-preview:large","max-video-preview":"max-video-preview:-1"},"canonical":"https:\/\/www.dialocidlibrary.com\/fr\/galerie\/","og_locale":"fr_FR","og_type":"article","og_title":"Galerie &#8212; Dialoc ID Library","og_description":"Nos solutions de biblioth\u00e8ques install\u00e9es en Europe, en Am\u00e9rique du Nord et du Sud, en Asie, en Australie et en Afrique. Consultez notre galerie de photos!","og_url":"https:\/\/www.dialocidlibrary.com\/fr\/galerie\/","og_site_name":"Dialoc ID Library","article_modified_time":"2025-06-04T09:59:23+00:00","og_image":[{"url":"https:\/\/www.dialocidlibrary.com\/wp-content\/uploads\/2020\/07\/youtube-play.jpg","type":"","width":"","height":""}],"twitter_card":"summary_large_image","twitter_misc":{"Dur\u00e9e de lecture estim\u00e9e":"4 minutes"},"schema":{"@context":"https:\/\/schema.org","@graph":[{"@type":"WebPage","@id":"https:\/\/www.dialocidlibrary.com\/fr\/galerie\/","url":"https:\/\/www.dialocidlibrary.com\/fr\/galerie\/","name":"Galerie &#8212; Dialoc ID Library","isPartOf":{"@id":"https:\/\/www.dialocidlibrary.com\/#website"},"primaryImageOfPage":{"@id":"https:\/\/www.dialocidlibrary.com\/fr\/galerie\/#primaryimage"},"image":{"@id":"https:\/\/www.dialocidlibrary.com\/fr\/galerie\/#primaryimage"},"thumbnailUrl":"https:\/\/www.dialocidlibrary.com\/wp-content\/uploads\/2020\/07\/youtube-play.jpg","datePublished":"2020-02-05T11:09:17+00:00","dateModified":"2025-06-04T09:59:23+00:00","description":"Nos solutions de biblioth\u00e8ques install\u00e9es en Europe, en Am\u00e9rique du Nord et du Sud, en Asie, en Australie et en Afrique. Consultez notre galerie de photos!","breadcrumb":{"@id":"https:\/\/www.dialocidlibrary.com\/fr\/galerie\/#breadcrumb"},"inLanguage":"fr-FR","potentialAction":[{"@type":"ReadAction","target":["https:\/\/www.dialocidlibrary.com\/fr\/galerie\/"]}]},{"@type":"ImageObject","inLanguage":"fr-FR","@id":"https:\/\/www.dialocidlibrary.com\/fr\/galerie\/#primaryimage","url":"https:\/\/www.dialocidlibrary.com\/wp-content\/uploads\/2020\/07\/youtube-play.jpg","contentUrl":"https:\/\/www.dialocidlibrary.com\/wp-content\/uploads\/2020\/07\/youtube-play.jpg"},{"@type":"BreadcrumbList","@id":"https:\/\/www.dialocidlibrary.com\/fr\/galerie\/#breadcrumb","itemListElement":[{"@type":"ListItem","position":1,"name":"Home","item":"https:\/\/www.dialocidlibrary.com\/fr\/"},{"@type":"ListItem","position":2,"name":"Galerie"}]},{"@type":"WebSite","@id":"https:\/\/www.dialocidlibrary.com\/#website","url":"https:\/\/www.dialocidlibrary.com\/","name":"Dialoc ID Library","description":"A clear vision to serve","potentialAction":[{"@type":"SearchAction","target":{"@type":"EntryPoint","urlTemplate":"https:\/\/www.dialocidlibrary.com\/?s={search_term_string}"},"query-input":{"@type":"PropertyValueSpecification","valueRequired":true,"valueName":"search_term_string"}}],"inLanguage":"fr-FR"}]}},"_links":{"self":[{"href":"https:\/\/www.dialocidlibrary.com\/fr\/wp-json\/wp\/v2\/pages\/15130","targetHints":{"allow":["GET"]}}],"collection":[{"href":"https:\/\/www.dialocidlibrary.com\/fr\/wp-json\/wp\/v2\/pages"}],"about":[{"href":"https:\/\/www.dialocidlibrary.com\/fr\/wp-json\/wp\/v2\/types\/page"}],"author":[{"embeddable":true,"href":"https:\/\/www.dialocidlibrary.com\/fr\/wp-json\/wp\/v2\/users\/2"}],"replies":[{"embeddable":true,"href":"https:\/\/www.dialocidlibrary.com\/fr\/wp-json\/wp\/v2\/comments?post=15130"}],"version-history":[{"count":15,"href":"https:\/\/www.dialocidlibrary.com\/fr\/wp-json\/wp\/v2\/pages\/15130\/revisions"}],"predecessor-version":[{"id":15945,"href":"https:\/\/www.dialocidlibrary.com\/fr\/wp-json\/wp\/v2\/pages\/15130\/revisions\/15945"}],"wp:attachment":[{"href":"https:\/\/www.dialocidlibrary.com\/fr\/wp-json\/wp\/v2\/media?parent=15130"}],"curies":[{"name":"wp","href":"https:\/\/api.w.org\/{rel}","templated":true}]}}