{"id":7091,"date":"2016-01-26T11:33:14","date_gmt":"2016-01-26T11:33:14","guid":{"rendered":"https:\/\/www.dialocidlibrary.com\/contactenos\/support\/"},"modified":"2025-06-11T09:51:05","modified_gmt":"2025-06-11T09:51:05","slug":"soporte","status":"publish","type":"page","link":"https:\/\/www.dialocidlibrary.com\/es\/contactenos\/soporte\/","title":{"rendered":"Soporte"},"content":{"rendered":"<p>[et_pb_section bb_built=&#8221;1&#8243; fullwidth=&#8221;on&#8221; specialty=&#8221;off&#8221; next_background_color=&#8221;#000000&#8243;][et_pb_fullwidth_header background_layout=&#8221;light&#8221; text_orientation=&#8221;left&#8221; header_fullscreen=&#8221;off&#8221; header_scroll_down=&#8221;off&#8221; background_color=&#8221;#082044&#8243; parallax=&#8221;off&#8221; parallax_method=&#8221;off&#8221; content_orientation=&#8221;center&#8221; image_orientation=&#8221;center&#8221; custom_button_one=&#8221;off&#8221; button_one_border_width=&#8221;0&#8243; button_one_letter_spacing=&#8221;0&#8243; button_one_use_icon=&#8221;default&#8221; button_one_icon_placement=&#8221;right&#8221; button_one_on_hover=&#8221;on&#8221; button_one_letter_spacing_hover=&#8221;0&#8243; custom_button_two=&#8221;off&#8221; button_two_border_width=&#8221;0&#8243; button_two_letter_spacing=&#8221;0&#8243; button_two_use_icon=&#8221;default&#8221; button_two_icon_placement=&#8221;right&#8221; button_two_on_hover=&#8221;on&#8221; button_two_letter_spacing_hover=&#8221;0&#8243; background_url=&#8221;https:\/\/www.dialocidlibrary.com\/wp-content\/uploads\/2015\/12\/foto_header_2.jpg&#8221; logo_alt_text=&#8221;Support&#8221; background_image=&#8221;https:\/\/www.dialocidlibrary.com\/wp-content\/uploads\/2015\/12\/foto_header_2.jpg&#8221; _builder_version=&#8221;3.0.106&#8243;]<\/p>\n<p>&nbsp;<\/p>\n<p>[\/et_pb_fullwidth_header][\/et_pb_section][et_pb_section bb_built=&#8221;1&#8243; fullwidth=&#8221;off&#8221; specialty=&#8221;off&#8221; parallax_method=&#8221;off&#8221; module_class=&#8221;broodkruimels&#8221; custom_padding_tablet=&#8221;50px|0|50px|0&#8243; custom_padding_last_edited=&#8221;on|desktop&#8221; prev_background_color=&#8221;#000000&#8243; next_background_color=&#8221;#ffffff&#8221; _builder_version=&#8221;3.0.106&#8243; global_module=&#8221;6739&#8243;][et_pb_row global_parent=&#8221;6739&#8243; make_fullwidth=&#8221;on&#8221; gutter_width=&#8221;3&#8243; custom_padding=&#8221;10px|8%|10px|8%&#8221; parallax_method=&#8221;off&#8221; parallax_method_1=&#8221;off&#8221; column_padding_mobile=&#8221;on&#8221; background_position=&#8221;top_left&#8221; background_repeat=&#8221;repeat&#8221; background_size=&#8221;initial&#8221; _builder_version=&#8221;3.0.106&#8243;][et_pb_column type=&#8221;1_2&#8243;][et_pb_code global_parent=&#8221;6739&#8243; _builder_version=&#8221;3.0.106&#8243; custom_padding=&#8221;3px|||&#8221;]&lt;div class=&#8221;go-back&#8221;&gt;&lt;a href=&#8221;javascript:history.go(-1);&#8221;&gt; Volver&lt;\/a&gt; &lt;span&gt;\/&lt;\/span&gt;&lt;\/div&gt; <div class=\"breadcrumb\" itemprop=\"breadcrumb\"><span><span><a href=\"https:\/\/www.dialocidlibrary.com\/es\/\">Home<\/a><\/span><\/span><\/div>[\/et_pb_code][\/et_pb_column][et_pb_column type=&#8221;1_2&#8243;][et_pb_button global_parent=&#8221;6739&#8243; _builder_version=&#8221;3.0.106&#8243; button_text=&#8221;Contact opnemen&#8221; button_url=&#8221;\/contact\/&#8221; url_new_window=&#8221;off&#8221; button_alignment=&#8221;right&#8221; background_layout=&#8221;light&#8221; custom_button=&#8221;off&#8221; button_icon_placement=&#8221;right&#8221; disabled_on=&#8221;on|on|on&#8221; disabled=&#8221;on&#8221; \/][\/et_pb_column][\/et_pb_row][et_pb_row global_parent=&#8221;6739&#8243; _builder_version=&#8221;3.0.106&#8243; make_fullwidth=&#8221;on&#8221; custom_padding=&#8221;|8%||8%&#8221;][et_pb_column type=&#8221;4_4&#8243;][et_pb_divider global_parent=&#8221;6739&#8243; color=&#8221;#edf1f4&#8243; show_divider=&#8221;on&#8221; height=&#8221;3&#8243; divider_style=&#8221;solid&#8221; divider_position=&#8221;top&#8221; divider_weight=&#8221;1&#8243; hide_on_mobile=&#8221;on&#8221; disabled_on=&#8221;on|on|off&#8221; \/][\/et_pb_column][\/et_pb_row][\/et_pb_section][et_pb_section bb_built=&#8221;1&#8243; fullwidth=&#8221;off&#8221; specialty=&#8221;off&#8221; transparent_background=&#8221;off&#8221; background_color=&#8221;#ffffff&#8221; allow_player_pause=&#8221;off&#8221; inner_shadow=&#8221;off&#8221; parallax=&#8221;off&#8221; parallax_method=&#8221;off&#8221; padding_mobile=&#8221;off&#8221; make_fullwidth=&#8221;off&#8221; use_custom_width=&#8221;off&#8221; width_unit=&#8221;on&#8221; make_equal=&#8221;off&#8221; use_custom_gutter=&#8221;off&#8221; gutter_width=&#8221;3&#8243; module_class=&#8221;contentblok&#8221; custom_padding_tablet=&#8221;50px|0|50px|0&#8243; custom_padding_last_edited=&#8221;on|desktop&#8221; prev_background_color=&#8221;#FFFFFF&#8221; next_background_color=&#8221;#FFFFFF&#8221;][et_pb_row make_fullwidth=&#8221;on&#8221; use_custom_width=&#8221;off&#8221; width_unit=&#8221;on&#8221; use_custom_gutter=&#8221;on&#8221; gutter_width=&#8221;3&#8243; custom_padding=&#8221;0px|0px|0px|0px&#8221; padding_mobile=&#8221;off&#8221; allow_player_pause=&#8221;off&#8221; parallax=&#8221;off&#8221; parallax_method=&#8221;off&#8221; make_equal=&#8221;off&#8221; parallax_1=&#8221;off&#8221; parallax_method_1=&#8221;off&#8221; column_padding_mobile=&#8221;on&#8221; parallax_2=&#8221;off&#8221; parallax_method_2=&#8221;off&#8221; custom_margin=&#8221;0px|0px|0px|0px&#8221; padding_top_1=&#8221;0px&#8221; padding_right_1=&#8221;0px&#8221; padding_bottom_1=&#8221;0px&#8221; padding_left_1=&#8221;0px&#8221; padding_top_2=&#8221;0px&#8221; padding_right_2=&#8221;0px&#8221; padding_bottom_2=&#8221;0px&#8221; padding_left_2=&#8221;0px&#8221; background_position=&#8221;top_left&#8221; background_repeat=&#8221;repeat&#8221; background_size=&#8221;initial&#8221;][et_pb_column type=&#8221;4_4&#8243;][et_pb_text background_layout=&#8221;light&#8221; module_id=&#8221;grooth2&#8243; use_border_color=&#8221;off&#8221; custom_margin=&#8221;0px|0px|0px|0px&#8221; custom_padding=&#8221;30px|8%|30px|8%&#8221; background_position=&#8221;top_left&#8221; background_repeat=&#8221;repeat&#8221; background_size=&#8221;initial&#8221; _builder_version=&#8221;3.0.106&#8243;]<\/p>\n<h1>Soporte<\/h1>\n<h3><\/h3>\n<p>Si necesita asistencia t\u00e9cnica, nuestro servicio de asistencia t\u00e9cnica est\u00e1 listo para ayudarlo. La mayor\u00eda de los productos Dialoc ID est\u00e1n dise\u00f1ados para que casi todos los problemas potenciales se puedan diagnosticar de forma remota. Puede enviar su solicitud de informaci\u00f3n t\u00e9cnica o servicio a <a href=\"mailto:support@dialocid.com\">support@dialocid.com<\/a> y nos pondremos en contacto con usted lo antes posible.<\/p>\n<p style=\"text-align: justify;\">En caso de que un producto entregado por Dialoc ID tenga que ser reparado, puede devolverlo a la oficina Dialoc ID en Harderwijk, Pa\u00edses Bajos. Antes de devolver un producto, comuniquese con nuestro Service &amp; Support para obtener m\u00e1s instrucciones.<\/p>\n<p style=\"text-align: justify;\">\u00bfSe le ha suministrado y atendido por uno de nuestros socios? Por favor, p\u00f3ngase en contacto con su proveedor local<\/p>\n<p>[\/et_pb_text][\/et_pb_column][\/et_pb_row][\/et_pb_section][et_pb_section bb_built=&#8221;1&#8243; admin_label=&#8221;section&#8221; transparent_background=&#8221;off&#8221; allow_player_pause=&#8221;off&#8221; inner_shadow=&#8221;off&#8221; parallax=&#8221;off&#8221; parallax_method=&#8221;off&#8221; padding_mobile=&#8221;off&#8221; make_fullwidth=&#8221;off&#8221; use_custom_width=&#8221;off&#8221; width_unit=&#8221;on&#8221; make_equal=&#8221;off&#8221; use_custom_gutter=&#8221;off&#8221; gutter_width=&#8221;3&#8243; prev_background_color=&#8221;#ffffff&#8221; custom_padding_tablet=&#8221;50px|0|50px|0&#8243; custom_padding_last_edited=&#8221;on|desktop&#8221; global_module=&#8221;6822&#8243; next_background_color=&#8221;#000000&#8243;][et_pb_row admin_label=&#8221;row&#8221; global_parent=&#8221;6822&#8243; make_fullwidth=&#8221;on&#8221; use_custom_width=&#8221;off&#8221; width_unit=&#8221;on&#8221; use_custom_gutter=&#8221;on&#8221; gutter_width=&#8221;1&#8243; custom_padding=&#8221;0px|0px|0px|0px&#8221; padding_mobile=&#8221;on&#8221; allow_player_pause=&#8221;off&#8221; parallax=&#8221;off&#8221; parallax_method=&#8221;off&#8221; make_equal=&#8221;on&#8221; parallax_1=&#8221;off&#8221; parallax_method_1=&#8221;off&#8221; parallax_2=&#8221;off&#8221; parallax_method_2=&#8221;off&#8221; parallax_3=&#8221;off&#8221; parallax_method_3=&#8221;off&#8221; parallax_4=&#8221;off&#8221; parallax_method_4=&#8221;off&#8221; column_padding_mobile=&#8221;on&#8221; background_color_2=&#8221;#2c1e43&#8243; background_color_4=&#8221;#2c1e43&#8243; background_color_1=&#8221;#44335f&#8221; background_color_3=&#8221;#44335f&#8221; bg_img_4=&#8221;https:\/\/www.dialocidlibrary.com\/wp-content\/uploads\/2015\/12\/footer_element_gespiegeld.png&#8221; background_position=&#8221;top_left&#8221; background_repeat=&#8221;repeat&#8221; background_size=&#8221;initial&#8221;][et_pb_column type=&#8221;1_4&#8243;][et_pb_text global_parent=&#8221;6822&#8243; background_layout=&#8221;dark&#8221; use_border_color=&#8221;off&#8221; custom_padding=&#8221;15%|15%|15%|15%&#8221; background_position=&#8221;top_left&#8221; background_repeat=&#8221;repeat&#8221; background_size=&#8221;initial&#8221; _builder_version=&#8221;3.0.106&#8243;]<\/p>\n<p><strong>SOBRE DIALOC ID LIBRARY<\/strong><\/p>\n<p>Dialoc ID tiene su sede central en Harderwijk, Pa\u00edses Bajos, con socios en Europa, Am\u00e9rica del Norte y del Sur, Asia, Australia y \u00c1frica.<\/p>\n<p>Dialoc ID es un fabricante l\u00edder de soluciones innovadoras para bibliotecas que utilizan tecnolog\u00eda EM (electromagn\u00e9tica), RFID (Identificaci\u00f3n por radiofrecuencia) e h\u00edbrida (EM y RFID).<\/p>\n<p>[\/et_pb_text][\/et_pb_column][et_pb_column type=&#8221;1_4&#8243;][et_pb_text global_parent=&#8221;6822&#8243; background_layout=&#8221;dark&#8221; use_border_color=&#8221;off&#8221; custom_padding=&#8221;15%|15%|15%|15%&#8221; background_position=&#8221;top_left&#8221; background_repeat=&#8221;repeat&#8221; background_size=&#8221;initial&#8221; _builder_version=&#8221;3.0.106&#8243;]<\/p>\n<p><strong>EN TODO EL MUNDO<\/strong><\/p>\n<p>Los productos de identificaci\u00f3n Dialoc ID se venden, instalados y mantenidos por medio de nuestra red de distribuidores oficiales ubicados en todo el mundo.<\/p>\n<p><a class=\"et_pb_button_2\" href=\"https:\/\/www.dialocidlibrary.com\/es\/socios-mundiales\/\">aprende m\u00e1s<\/a><\/p>\n<p>&nbsp;<\/p>\n<p>Tecnolog\u00edas<br \/>\n&#8211; <a href=\"https:\/\/www.dialocidlibrary.com\/es\/rfid-soluciones-bibliotecas\/\">RFID<\/a><br \/>\n&#8211; <a href=\"https:\/\/www.dialocidlibrary.com\/es\/soluciones-biblioteca-em\/\">Electromagn\u00e9tica<\/a><br \/>\n&#8211; <a href=\"https:\/\/www.dialocidlibrary.com\/es\/soluciones-bibliotecas-hibridas\/\">H\u00efbrido<\/a><\/p>\n<p>[\/et_pb_text][\/et_pb_column][et_pb_column type=&#8221;1_4&#8243;][et_pb_text global_parent=&#8221;6822&#8243; background_layout=&#8221;dark&#8221; use_border_color=&#8221;off&#8221; custom_padding=&#8221;15%|15%|15%|15%&#8221; background_position=&#8221;top_left&#8221; background_repeat=&#8221;repeat&#8221; background_size=&#8221;initial&#8221; _builder_version=&#8221;3.0.106&#8243;]<\/p>\n<p><strong>CONT\u00c1CTENOS<\/strong><\/p>\n<p>Dialoc ID Products B.V.<br \/>\nDaltonstraat 42<br \/>\n3846 BX Harderwijk<br \/>\nLos Pa\u00edses Bajos<br \/>\nT +31 (0) 341-422760<br \/>\n<strong><a title=\"FB Fanpage Dialoc ID\" href=\"mailto:sales@dialocid.com\">sales@dialocid.com<\/a><\/strong><\/p>\n<p>Por favor, visite tambi\u00e9n nuestro sitio web:<br \/>\n<strong><a href=\"http:\/\/www.dialocid.com\/\">www.dialocid.com<\/a><\/strong><\/p>\n<p>[\/et_pb_text][\/et_pb_column][et_pb_column type=&#8221;1_4&#8243;][et_pb_text global_parent=&#8221;6822&#8243; background_layout=&#8221;dark&#8221; text_font_size=&#8221;14&#8243; use_border_color=&#8221;off&#8221; custom_padding=&#8221;15%|15%|15%|15%&#8221; background_position=&#8221;top_left&#8221; background_repeat=&#8221;repeat&#8221; background_size=&#8221;initial&#8221; _builder_version=&#8221;3.0.106&#8243;]<\/p>\n<p><strong>S\u00cdGUENOS<\/strong><\/p>\n<div class=\"et_social_networks et_social_1col et_social_slide et_social_rectangle et_social_left et_social_nospace et_social_mobile_on et_social_withnetworknames et_social_outer_dark\">\n\t\t\t\t\t\n\t\t\t\t\t\n\t\t\t\t\t<ul class=\"et_social_icons_container\"><li class=\"et_social_facebook\">\n\t\t\t\t\t\t<a href=\"https:\/\/www.facebook.com\/Dialoc-ID-Products-BV-238066183543384\/?ti=as\" class=\"et_social_follow\" data-social_name=\"facebook\" data-social_type=\"follow\" data-post_id=\"0\" target=\"_blank\">\n\t\t\t\t\t\t\t<i class=\"et_social_icon et_social_icon_facebook\"><\/i>\n\t\t\t\t\t\t\t<div class=\"et_social_network_label\"><div class=\"et_social_networkname\">Facebook<\/div><\/div>\n\t\t\t\t\t\t\t<span class=\"et_social_overlay\"><\/span>\n\t\t\t\t\t\t<\/a>\n\t\t\t\t\t<\/li><li class=\"et_social_twitter\">\n\t\t\t\t\t\t<a href=\"https:\/\/twitter.com\/dialocid\" class=\"et_social_follow\" data-social_name=\"twitter\" data-social_type=\"follow\" data-post_id=\"0\" target=\"_blank\">\n\t\t\t\t\t\t\t<i class=\"et_social_icon et_social_icon_twitter\"><\/i>\n\t\t\t\t\t\t\t<div class=\"et_social_network_label\"><div class=\"et_social_networkname\">Twitter<\/div><\/div>\n\t\t\t\t\t\t\t<span class=\"et_social_overlay\"><\/span>\n\t\t\t\t\t\t<\/a>\n\t\t\t\t\t<\/li><\/ul>\n\t\t\t\t<\/div>\n<p><a class=\"youtube-cta\" href=\"https:\/\/www.youtube.com\/channel\/UCxbt2OV8566J_BlNuvHMvYg\" target=\"_blank\" rel=\"noopener noreferrer\"><img decoding=\"async\" src=\"https:\/\/www.dialocidlibrary.com\/wp-content\/uploads\/2020\/07\/youtube-play.jpg\" \/> YouTube<\/a><\/p>\n<p><a href=\"https:\/\/www.dialocidlibrary.com\/es\/declaracion-de-privacidad\/\">Politica de privacidad<\/a><br \/>\n<a href=\"https:\/\/www.dialocidlibrary.com\/es\/descargo-de-responsabilidad\/\">Disclaimer<\/a><\/p>\n<p>[\/et_pb_text][\/et_pb_column][\/et_pb_row][\/et_pb_section]<\/p>\n","protected":false},"excerpt":{"rendered":"<p>[et_pb_section bb_built=&#8221;1&#8243; fullwidth=&#8221;on&#8221; specialty=&#8221;off&#8221; next_background_color=&#8221;#000000&#8243;][et_pb_fullwidth_header background_layout=&#8221;light&#8221; text_orientation=&#8221;left&#8221; header_fullscreen=&#8221;off&#8221; header_scroll_down=&#8221;off&#8221; background_color=&#8221;#082044&#8243; parallax=&#8221;off&#8221; parallax_method=&#8221;off&#8221; content_orientation=&#8221;center&#8221; image_orientation=&#8221;center&#8221; custom_button_one=&#8221;off&#8221; button_one_border_width=&#8221;0&#8243; button_one_letter_spacing=&#8221;0&#8243; button_one_use_icon=&#8221;default&#8221; button_one_icon_placement=&#8221;right&#8221; button_one_on_hover=&#8221;on&#8221; button_one_letter_spacing_hover=&#8221;0&#8243; custom_button_two=&#8221;off&#8221; button_two_border_width=&#8221;0&#8243; button_two_letter_spacing=&#8221;0&#8243; button_two_use_icon=&#8221;default&#8221; button_two_icon_placement=&#8221;right&#8221; button_two_on_hover=&#8221;on&#8221; button_two_letter_spacing_hover=&#8221;0&#8243; background_url=&#8221;https:\/\/www.dialocidlibrary.com\/wp-content\/uploads\/2015\/12\/foto_header_2.jpg&#8221; logo_alt_text=&#8221;Support&#8221; background_image=&#8221;https:\/\/www.dialocidlibrary.com\/wp-content\/uploads\/2015\/12\/foto_header_2.jpg&#8221; _builder_version=&#8221;3.0.106&#8243;] &nbsp; [\/et_pb_fullwidth_header][\/et_pb_section][et_pb_section bb_built=&#8221;1&#8243; fullwidth=&#8221;off&#8221; specialty=&#8221;off&#8221; parallax_method=&#8221;off&#8221; module_class=&#8221;broodkruimels&#8221; custom_padding_tablet=&#8221;50px|0|50px|0&#8243; custom_padding_last_edited=&#8221;on|desktop&#8221; prev_background_color=&#8221;#000000&#8243; next_background_color=&#8221;#ffffff&#8221; _builder_version=&#8221;3.0.106&#8243; global_module=&#8221;6739&#8243;][et_pb_row global_parent=&#8221;6739&#8243; make_fullwidth=&#8221;on&#8221; gutter_width=&#8221;3&#8243; custom_padding=&#8221;10px|8%|10px|8%&#8221; parallax_method=&#8221;off&#8221; parallax_method_1=&#8221;off&#8221; column_padding_mobile=&#8221;on&#8221; background_position=&#8221;top_left&#8221; background_repeat=&#8221;repeat&#8221; background_size=&#8221;initial&#8221; [&hellip;]<\/p>\n","protected":false},"author":1,"featured_media":0,"parent":9939,"menu_order":339,"comment_status":"closed","ping_status":"closed","template":"","meta":{"_acf_changed":false,"footnotes":""},"class_list":["post-7091","page","type-page","status-publish","hentry"],"acf":[],"yoast_head":"<!-- This site is optimized with the Yoast SEO plugin v26.4 - https:\/\/yoast.com\/wordpress\/plugins\/seo\/ -->\n<title>Soporte &#8212; Dialoc ID Library<\/title>\n<meta name=\"description\" content=\"Dialoc ID es su socio para las soluciones de seguridad para bibliotecas, incluidos los sistemas de detecci\u00f3n de seguridad. Damos soporte a nivel mundial.\" \/>\n<meta name=\"robots\" content=\"index, follow, max-snippet:-1, max-image-preview:large, max-video-preview:-1\" \/>\n<link rel=\"canonical\" href=\"https:\/\/www.dialocidlibrary.com\/es\/contactenos\/soporte\/\" \/>\n<meta property=\"og:locale\" content=\"es_ES\" \/>\n<meta property=\"og:type\" content=\"article\" \/>\n<meta property=\"og:title\" content=\"Soporte &#8212; Dialoc ID Library\" \/>\n<meta property=\"og:description\" content=\"Dialoc ID es su socio para las soluciones de seguridad para bibliotecas, incluidos los sistemas de detecci\u00f3n de seguridad. Damos soporte a nivel mundial.\" \/>\n<meta property=\"og:url\" content=\"https:\/\/www.dialocidlibrary.com\/es\/contactenos\/soporte\/\" \/>\n<meta property=\"og:site_name\" content=\"Dialoc ID Library\" \/>\n<meta property=\"article:modified_time\" content=\"2025-06-11T09:51:05+00:00\" \/>\n<meta property=\"og:image\" content=\"https:\/\/www.dialocidlibrary.com\/wp-content\/uploads\/2020\/07\/youtube-play.jpg\" \/>\n<meta name=\"twitter:card\" content=\"summary_large_image\" \/>\n<meta name=\"twitter:label1\" content=\"Tiempo de lectura\" \/>\n\t<meta name=\"twitter:data1\" content=\"2 minutos\" \/>\n<script type=\"application\/ld+json\" class=\"yoast-schema-graph\">{\"@context\":\"https:\/\/schema.org\",\"@graph\":[{\"@type\":\"WebPage\",\"@id\":\"https:\/\/www.dialocidlibrary.com\/es\/contactenos\/soporte\/\",\"url\":\"https:\/\/www.dialocidlibrary.com\/es\/contactenos\/soporte\/\",\"name\":\"Soporte &#8212; Dialoc ID Library\",\"isPartOf\":{\"@id\":\"https:\/\/www.dialocidlibrary.com\/#website\"},\"primaryImageOfPage\":{\"@id\":\"https:\/\/www.dialocidlibrary.com\/es\/contactenos\/soporte\/#primaryimage\"},\"image\":{\"@id\":\"https:\/\/www.dialocidlibrary.com\/es\/contactenos\/soporte\/#primaryimage\"},\"thumbnailUrl\":\"https:\/\/www.dialocidlibrary.com\/wp-content\/uploads\/2020\/07\/youtube-play.jpg\",\"datePublished\":\"2016-01-26T11:33:14+00:00\",\"dateModified\":\"2025-06-11T09:51:05+00:00\",\"description\":\"Dialoc ID es su socio para las soluciones de seguridad para bibliotecas, incluidos los sistemas de detecci\u00f3n de seguridad. Damos soporte a nivel mundial.\",\"breadcrumb\":{\"@id\":\"https:\/\/www.dialocidlibrary.com\/es\/contactenos\/soporte\/#breadcrumb\"},\"inLanguage\":\"es\",\"potentialAction\":[{\"@type\":\"ReadAction\",\"target\":[\"https:\/\/www.dialocidlibrary.com\/es\/contactenos\/soporte\/\"]}]},{\"@type\":\"ImageObject\",\"inLanguage\":\"es\",\"@id\":\"https:\/\/www.dialocidlibrary.com\/es\/contactenos\/soporte\/#primaryimage\",\"url\":\"https:\/\/www.dialocidlibrary.com\/wp-content\/uploads\/2020\/07\/youtube-play.jpg\",\"contentUrl\":\"https:\/\/www.dialocidlibrary.com\/wp-content\/uploads\/2020\/07\/youtube-play.jpg\"},{\"@type\":\"BreadcrumbList\",\"@id\":\"https:\/\/www.dialocidlibrary.com\/es\/contactenos\/soporte\/#breadcrumb\",\"itemListElement\":[{\"@type\":\"ListItem\",\"position\":1,\"name\":\"Home\",\"item\":\"https:\/\/www.dialocidlibrary.com\/es\/\"},{\"@type\":\"ListItem\",\"position\":2,\"name\":\"Cont\u00e1ctenos\",\"item\":\"https:\/\/www.dialocidlibrary.com\/es\/contactenos\/\"},{\"@type\":\"ListItem\",\"position\":3,\"name\":\"Soporte\"}]},{\"@type\":\"WebSite\",\"@id\":\"https:\/\/www.dialocidlibrary.com\/#website\",\"url\":\"https:\/\/www.dialocidlibrary.com\/\",\"name\":\"Dialoc ID Library\",\"description\":\"A clear vision to serve\",\"potentialAction\":[{\"@type\":\"SearchAction\",\"target\":{\"@type\":\"EntryPoint\",\"urlTemplate\":\"https:\/\/www.dialocidlibrary.com\/?s={search_term_string}\"},\"query-input\":{\"@type\":\"PropertyValueSpecification\",\"valueRequired\":true,\"valueName\":\"search_term_string\"}}],\"inLanguage\":\"es\"}]}<\/script>\n<!-- \/ Yoast SEO plugin. -->","yoast_head_json":{"title":"Soporte &#8212; Dialoc ID Library","description":"Dialoc ID es su socio para las soluciones de seguridad para bibliotecas, incluidos los sistemas de detecci\u00f3n de seguridad. Damos soporte a nivel mundial.","robots":{"index":"index","follow":"follow","max-snippet":"max-snippet:-1","max-image-preview":"max-image-preview:large","max-video-preview":"max-video-preview:-1"},"canonical":"https:\/\/www.dialocidlibrary.com\/es\/contactenos\/soporte\/","og_locale":"es_ES","og_type":"article","og_title":"Soporte &#8212; Dialoc ID Library","og_description":"Dialoc ID es su socio para las soluciones de seguridad para bibliotecas, incluidos los sistemas de detecci\u00f3n de seguridad. Damos soporte a nivel mundial.","og_url":"https:\/\/www.dialocidlibrary.com\/es\/contactenos\/soporte\/","og_site_name":"Dialoc ID Library","article_modified_time":"2025-06-11T09:51:05+00:00","og_image":[{"url":"https:\/\/www.dialocidlibrary.com\/wp-content\/uploads\/2020\/07\/youtube-play.jpg","type":"","width":"","height":""}],"twitter_card":"summary_large_image","twitter_misc":{"Tiempo de lectura":"2 minutos"},"schema":{"@context":"https:\/\/schema.org","@graph":[{"@type":"WebPage","@id":"https:\/\/www.dialocidlibrary.com\/es\/contactenos\/soporte\/","url":"https:\/\/www.dialocidlibrary.com\/es\/contactenos\/soporte\/","name":"Soporte &#8212; Dialoc ID Library","isPartOf":{"@id":"https:\/\/www.dialocidlibrary.com\/#website"},"primaryImageOfPage":{"@id":"https:\/\/www.dialocidlibrary.com\/es\/contactenos\/soporte\/#primaryimage"},"image":{"@id":"https:\/\/www.dialocidlibrary.com\/es\/contactenos\/soporte\/#primaryimage"},"thumbnailUrl":"https:\/\/www.dialocidlibrary.com\/wp-content\/uploads\/2020\/07\/youtube-play.jpg","datePublished":"2016-01-26T11:33:14+00:00","dateModified":"2025-06-11T09:51:05+00:00","description":"Dialoc ID es su socio para las soluciones de seguridad para bibliotecas, incluidos los sistemas de detecci\u00f3n de seguridad. Damos soporte a nivel mundial.","breadcrumb":{"@id":"https:\/\/www.dialocidlibrary.com\/es\/contactenos\/soporte\/#breadcrumb"},"inLanguage":"es","potentialAction":[{"@type":"ReadAction","target":["https:\/\/www.dialocidlibrary.com\/es\/contactenos\/soporte\/"]}]},{"@type":"ImageObject","inLanguage":"es","@id":"https:\/\/www.dialocidlibrary.com\/es\/contactenos\/soporte\/#primaryimage","url":"https:\/\/www.dialocidlibrary.com\/wp-content\/uploads\/2020\/07\/youtube-play.jpg","contentUrl":"https:\/\/www.dialocidlibrary.com\/wp-content\/uploads\/2020\/07\/youtube-play.jpg"},{"@type":"BreadcrumbList","@id":"https:\/\/www.dialocidlibrary.com\/es\/contactenos\/soporte\/#breadcrumb","itemListElement":[{"@type":"ListItem","position":1,"name":"Home","item":"https:\/\/www.dialocidlibrary.com\/es\/"},{"@type":"ListItem","position":2,"name":"Cont\u00e1ctenos","item":"https:\/\/www.dialocidlibrary.com\/es\/contactenos\/"},{"@type":"ListItem","position":3,"name":"Soporte"}]},{"@type":"WebSite","@id":"https:\/\/www.dialocidlibrary.com\/#website","url":"https:\/\/www.dialocidlibrary.com\/","name":"Dialoc ID Library","description":"A clear vision to serve","potentialAction":[{"@type":"SearchAction","target":{"@type":"EntryPoint","urlTemplate":"https:\/\/www.dialocidlibrary.com\/?s={search_term_string}"},"query-input":{"@type":"PropertyValueSpecification","valueRequired":true,"valueName":"search_term_string"}}],"inLanguage":"es"}]}},"_links":{"self":[{"href":"https:\/\/www.dialocidlibrary.com\/es\/wp-json\/wp\/v2\/pages\/7091","targetHints":{"allow":["GET"]}}],"collection":[{"href":"https:\/\/www.dialocidlibrary.com\/es\/wp-json\/wp\/v2\/pages"}],"about":[{"href":"https:\/\/www.dialocidlibrary.com\/es\/wp-json\/wp\/v2\/types\/page"}],"author":[{"embeddable":true,"href":"https:\/\/www.dialocidlibrary.com\/es\/wp-json\/wp\/v2\/users\/1"}],"replies":[{"embeddable":true,"href":"https:\/\/www.dialocidlibrary.com\/es\/wp-json\/wp\/v2\/comments?post=7091"}],"version-history":[{"count":4,"href":"https:\/\/www.dialocidlibrary.com\/es\/wp-json\/wp\/v2\/pages\/7091\/revisions"}],"predecessor-version":[{"id":11162,"href":"https:\/\/www.dialocidlibrary.com\/es\/wp-json\/wp\/v2\/pages\/7091\/revisions\/11162"}],"up":[{"embeddable":true,"href":"https:\/\/www.dialocidlibrary.com\/es\/wp-json\/wp\/v2\/pages\/9939"}],"wp:attachment":[{"href":"https:\/\/www.dialocidlibrary.com\/es\/wp-json\/wp\/v2\/media?parent=7091"}],"curies":[{"name":"wp","href":"https:\/\/api.w.org\/{rel}","templated":true}]}}